{"id":96,"date":"2017-10-07T21:14:22","date_gmt":"2017-10-07T21:14:22","guid":{"rendered":"http:\/\/puderfilosofi.se\/?page_id=96"},"modified":"2025-07-15T14:33:01","modified_gmt":"2025-07-15T14:33:01","slug":"teets-vag","status":"publish","type":"page","link":"https:\/\/puderfilosofi.se\/?page_id=96","title":{"rendered":"Teets V\u00e4g \/ Way of Tea"},"content":{"rendered":"<p><img loading=\"lazy\" decoding=\"async\" class=\"alignnone size-medium wp-image-657\" src=\"https:\/\/media.puderfilosofi.se\/2020\/01\/asa_machiai_27_aug_2017-300x225.jpg\" alt=\"\" width=\"300\" height=\"225\" srcset=\"https:\/\/media.puderfilosofi.se\/2020\/01\/asa_machiai_27_aug_2017-300x225.jpg 300w, https:\/\/media.puderfilosofi.se\/2020\/01\/asa_machiai_27_aug_2017-150x113.jpg 150w, https:\/\/media.puderfilosofi.se\/2020\/01\/asa_machiai_27_aug_2017-768x576.jpg 768w, https:\/\/media.puderfilosofi.se\/2020\/01\/asa_machiai_27_aug_2017-1024x768.jpg 1024w, https:\/\/media.puderfilosofi.se\/2020\/01\/asa_machiai_27_aug_2017.jpg 1417w\" sizes=\"auto, (max-width: 300px) 100vw, 300px\" \/><\/p>\n<p>Sedan ca 2008 studerar jag Teets V\u00e4g, japansk teceremonikonst inom Urasenkeskolans tradition.<br \/>Since approx 2008 I study Chado, Japanese tea ceremony within the Urasenke school tradition.<\/p>\n<div id=\"attachment_615\" style=\"width: 510px\" class=\"wp-caption alignnone\"><img loading=\"lazy\" decoding=\"async\" aria-describedby=\"caption-attachment-615\" class=\"wp-image-615\" src=\"https:\/\/media.puderfilosofi.se\/2019\/12\/asa-andersson-Kyoto-2019-225x300.jpg\" alt=\"\u00c5sa Andersson, Kyoto 2019\" width=\"500\" height=\"666\" srcset=\"https:\/\/media.puderfilosofi.se\/2019\/12\/asa-andersson-Kyoto-2019-225x300.jpg 225w, https:\/\/media.puderfilosofi.se\/2019\/12\/asa-andersson-Kyoto-2019-113x150.jpg 113w, https:\/\/media.puderfilosofi.se\/2019\/12\/asa-andersson-Kyoto-2019-768x1024.jpg 768w, https:\/\/media.puderfilosofi.se\/2019\/12\/asa-andersson-Kyoto-2019.jpg 886w\" sizes=\"auto, (max-width: 500px) 100vw, 500px\" \/><p id=\"caption-attachment-615\" class=\"wp-caption-text\">\u00c5sa Andersson, Kyoto 2019<\/p><\/div>\n<p>\u00a0<\/p>\n<div id=\"attachment_344\" style=\"width: 310px\" class=\"wp-caption alignnone\"><img loading=\"lazy\" decoding=\"async\" aria-describedby=\"caption-attachment-344\" class=\"wp-image-344 size-medium\" src=\"https:\/\/media.puderfilosofi.se\/2018\/08\/te-rev-juli-15-300x225.jpg\" alt=\"\" width=\"300\" height=\"225\" srcset=\"https:\/\/media.puderfilosofi.se\/2018\/08\/te-rev-juli-15-300x225.jpg 300w, https:\/\/media.puderfilosofi.se\/2018\/08\/te-rev-juli-15-768x576.jpg 768w, https:\/\/media.puderfilosofi.se\/2018\/08\/te-rev-juli-15-1024x768.jpg 1024w, https:\/\/media.puderfilosofi.se\/2018\/08\/te-rev-juli-15-150x113.jpg 150w, https:\/\/media.puderfilosofi.se\/2018\/08\/te-rev-juli-15.jpg 1417w\" sizes=\"auto, (max-width: 300px) 100vw, 300px\" \/><p id=\"caption-attachment-344\" class=\"wp-caption-text\">\u00d6vning: Chabako unohana p\u00e5 sommaren 2015<\/p><\/div>\n<p>\u00a0<\/p>\n<div id=\"attachment_656\" style=\"width: 310px\" class=\"wp-caption alignnone\"><img loading=\"lazy\" decoding=\"async\" aria-describedby=\"caption-attachment-656\" class=\"wp-image-656 size-medium\" src=\"https:\/\/media.puderfilosofi.se\/2020\/01\/asa_hatsugama_7_jan_17-300x210.jpg\" alt=\"\" width=\"300\" height=\"210\" srcset=\"https:\/\/media.puderfilosofi.se\/2020\/01\/asa_hatsugama_7_jan_17-300x210.jpg 300w, https:\/\/media.puderfilosofi.se\/2020\/01\/asa_hatsugama_7_jan_17-150x105.jpg 150w, https:\/\/media.puderfilosofi.se\/2020\/01\/asa_hatsugama_7_jan_17-768x538.jpg 768w, https:\/\/media.puderfilosofi.se\/2020\/01\/asa_hatsugama_7_jan_17-1024x717.jpg 1024w, https:\/\/media.puderfilosofi.se\/2020\/01\/asa_hatsugama_7_jan_17.jpg 1181w\" sizes=\"auto, (max-width: 300px) 100vw, 300px\" \/><p id=\"caption-attachment-656\" class=\"wp-caption-text\">Firande av Hatsugama (ny\u00e5r, f\u00f6rsta teet) 2017 hos l\u00e4rare<\/p><\/div>\n<p>\u00a0<\/p>\n<div id=\"attachment_739\" style=\"width: 235px\" class=\"wp-caption alignnone\"><img loading=\"lazy\" decoding=\"async\" aria-describedby=\"caption-attachment-739\" class=\"size-medium wp-image-739\" src=\"https:\/\/media.puderfilosofi.se\/2020\/02\/liten-moribana-225x300.jpg\" alt=\"\" width=\"225\" height=\"300\" srcset=\"https:\/\/media.puderfilosofi.se\/2020\/02\/liten-moribana-225x300.jpg 225w, https:\/\/media.puderfilosofi.se\/2020\/02\/liten-moribana-113x150.jpg 113w, https:\/\/media.puderfilosofi.se\/2020\/02\/liten-moribana-768x1024.jpg 768w, https:\/\/media.puderfilosofi.se\/2020\/02\/liten-moribana.jpg 1063w\" sizes=\"auto, (max-width: 225px) 100vw, 225px\" \/><p id=\"caption-attachment-739\" class=\"wp-caption-text\">Skogens blommor (moribana)<\/p><\/div>\n<div id=\"attachment_1091\" style=\"width: 235px\" class=\"wp-caption alignnone\"><img loading=\"lazy\" decoding=\"async\" aria-describedby=\"caption-attachment-1091\" class=\"size-medium wp-image-1091\" src=\"https:\/\/media.puderfilosofi.se\/2022\/06\/287009274_5223157404437858_2673993573206882254_n-225x300.jpg\" alt=\"\" width=\"225\" height=\"300\" srcset=\"https:\/\/media.puderfilosofi.se\/2022\/06\/287009274_5223157404437858_2673993573206882254_n-225x300.jpg 225w, https:\/\/media.puderfilosofi.se\/2022\/06\/287009274_5223157404437858_2673993573206882254_n-768x1024.jpg 768w, https:\/\/media.puderfilosofi.se\/2022\/06\/287009274_5223157404437858_2673993573206882254_n-113x150.jpg 113w, https:\/\/media.puderfilosofi.se\/2022\/06\/287009274_5223157404437858_2673993573206882254_n-1152x1536.jpg 1152w, https:\/\/media.puderfilosofi.se\/2022\/06\/287009274_5223157404437858_2673993573206882254_n.jpg 1368w\" sizes=\"auto, (max-width: 225px) 100vw, 225px\" \/><p id=\"caption-attachment-1091\" class=\"wp-caption-text\">Chabako i skogen, 2022. Foto: Ellen Cronholm<\/p><\/div>\n<p>L\u00e4nk till\u00a0<a href=\"https:\/\/infojapanskathesallskapet.blogspot.com\">Japanska Thes\u00e4llskapet<\/a><br \/>L\u00e4nk till <a href=\"https:\/\/www.urasenke.or.jp\/texte\/index.html\">Urasenkeskolan, Kyoto<\/a><\/p>\n\n\n<p><\/p>\n","protected":false},"excerpt":{"rendered":"<p>Sedan ca 2008 studerar jag Teets V\u00e4g, japansk teceremonikonst inom Urasenkeskolans tradition.Since approx 2008 I study Chado, Japanese tea ceremony within the Urasenke school tradition. \u00a0 \u00a0 \u00a0 L\u00e4nk till\u00a0Japanska Thes\u00e4llskapetL\u00e4nk till Urasenkeskolan, Kyoto<\/p>\n","protected":false},"author":1,"featured_media":0,"parent":0,"menu_order":0,"comment_status":"closed","ping_status":"closed","template":"","meta":{"footnotes":""},"class_list":["post-96","page","type-page","status-publish","hentry"],"_links":{"self":[{"href":"https:\/\/puderfilosofi.se\/index.php?rest_route=\/wp\/v2\/pages\/96","targetHints":{"allow":["GET"]}}],"collection":[{"href":"https:\/\/puderfilosofi.se\/index.php?rest_route=\/wp\/v2\/pages"}],"about":[{"href":"https:\/\/puderfilosofi.se\/index.php?rest_route=\/wp\/v2\/types\/page"}],"author":[{"embeddable":true,"href":"https:\/\/puderfilosofi.se\/index.php?rest_route=\/wp\/v2\/users\/1"}],"replies":[{"embeddable":true,"href":"https:\/\/puderfilosofi.se\/index.php?rest_route=%2Fwp%2Fv2%2Fcomments&post=96"}],"version-history":[{"count":39,"href":"https:\/\/puderfilosofi.se\/index.php?rest_route=\/wp\/v2\/pages\/96\/revisions"}],"predecessor-version":[{"id":1444,"href":"https:\/\/puderfilosofi.se\/index.php?rest_route=\/wp\/v2\/pages\/96\/revisions\/1444"}],"wp:attachment":[{"href":"https:\/\/puderfilosofi.se\/index.php?rest_route=%2Fwp%2Fv2%2Fmedia&parent=96"}],"curies":[{"name":"wp","href":"https:\/\/api.w.org\/{rel}","templated":true}]}}