{"id":88,"date":"2017-10-07T21:10:27","date_gmt":"2017-10-07T21:10:27","guid":{"rendered":"http:\/\/puderfilosofi.se\/?page_id=88"},"modified":"2025-03-24T21:16:40","modified_gmt":"2025-03-24T21:16:40","slug":"puderfilosofi","status":"publish","type":"page","link":"https:\/\/puderfilosofi.se\/","title":{"rendered":"Puderfilosofi"},"content":{"rendered":"<div id=\"attachment_969\" style=\"width: 694px\" class=\"wp-caption alignnone\"><img loading=\"lazy\" decoding=\"async\" aria-describedby=\"caption-attachment-969\" class=\"wp-image-969 size-full\" src=\"https:\/\/media.puderfilosofi.se\/2021\/08\/asa-webb-stig-hashigakari-2011-vertikal.jpg\" alt=\"\" width=\"684\" height=\"992\" srcset=\"https:\/\/media.puderfilosofi.se\/2021\/08\/asa-webb-stig-hashigakari-2011-vertikal.jpg 684w, https:\/\/media.puderfilosofi.se\/2021\/08\/asa-webb-stig-hashigakari-2011-vertikal-207x300.jpg 207w, https:\/\/media.puderfilosofi.se\/2021\/08\/asa-webb-stig-hashigakari-2011-vertikal-103x150.jpg 103w\" sizes=\"auto, (max-width: 684px) 100vw, 684px\" \/><p id=\"caption-attachment-969\" class=\"wp-caption-text\">\u00c5sa Andersson &#8221;Hashigakari&#8221; serie<\/p><\/div>\n<p style=\"text-align: left;\">Puder kan vara den tunnaste barri\u00e4ren, en s\u00e5rbarhet, mellan en kropp och den v\u00e4rld den \u00e4r del av. Mitt konstn\u00e4rliga g\u00f6rande i bild och skrivande, med objekt, te och filosofi \u00e4r v\u00e4gar f\u00f6r att unders\u00f6ka verkligheten, de h\u00e5rda gr\u00e4nserna, men \u00e4ven dr\u00f6mmarna, f\u00f6rnimmelserna och allt det som \u00f6verskrider. Filosofen Gaston Bachelard talar om \u201ddr\u00f6m-fysik\u201d vilket \u00e4r ett besl\u00e4ktat uttryck.<\/p>\n<p style=\"margin: 0cm 0cm 7.5pt 0cm;\"><em><span style=\"font-size: 11.5pt; font-family: Helvetica; color: black;\">Powder may be the thinnest barrier, a vulnerability, between a body and the world it is part of. My artistic practice in image and writing, with objects, tea and philosophy, are ways to explore reality, the hard boundaries, but also dreams, perceptions and all that transcends. The philosopher Gaston Bachelard speaks about \u201ddream-physics\u201d which is a related term.<\/span><\/em><\/p>\n<p><span style=\"font-size: 11.5pt; font-family: Helvetica; color: black;\"><br \/>\n\/\u00c5sa Andersson<\/span><\/p>\n","protected":false},"excerpt":{"rendered":"<p>Puder kan vara den tunnaste barri\u00e4ren, en s\u00e5rbarhet, mellan en kropp och den v\u00e4rld den \u00e4r del av. Mitt konstn\u00e4rliga g\u00f6rande i bild och skrivande, med objekt, te och filosofi \u00e4r v\u00e4gar f\u00f6r att unders\u00f6ka verkligheten, de h\u00e5rda gr\u00e4nserna, men \u00e4ven dr\u00f6mmarna, f\u00f6rnimmelserna och allt det som \u00f6verskrider. Filosofen Gaston Bachelard talar om \u201ddr\u00f6m-fysik\u201d vilket&#8230;<\/p>\n","protected":false},"author":1,"featured_media":0,"parent":0,"menu_order":0,"comment_status":"closed","ping_status":"closed","template":"","meta":{"footnotes":""},"class_list":["post-88","page","type-page","status-publish","hentry"],"_links":{"self":[{"href":"https:\/\/puderfilosofi.se\/index.php?rest_route=\/wp\/v2\/pages\/88","targetHints":{"allow":["GET"]}}],"collection":[{"href":"https:\/\/puderfilosofi.se\/index.php?rest_route=\/wp\/v2\/pages"}],"about":[{"href":"https:\/\/puderfilosofi.se\/index.php?rest_route=\/wp\/v2\/types\/page"}],"author":[{"embeddable":true,"href":"https:\/\/puderfilosofi.se\/index.php?rest_route=\/wp\/v2\/users\/1"}],"replies":[{"embeddable":true,"href":"https:\/\/puderfilosofi.se\/index.php?rest_route=%2Fwp%2Fv2%2Fcomments&post=88"}],"version-history":[{"count":51,"href":"https:\/\/puderfilosofi.se\/index.php?rest_route=\/wp\/v2\/pages\/88\/revisions"}],"predecessor-version":[{"id":1404,"href":"https:\/\/puderfilosofi.se\/index.php?rest_route=\/wp\/v2\/pages\/88\/revisions\/1404"}],"wp:attachment":[{"href":"https:\/\/puderfilosofi.se\/index.php?rest_route=%2Fwp%2Fv2%2Fmedia&parent=88"}],"curies":[{"name":"wp","href":"https:\/\/api.w.org\/{rel}","templated":true}]}}