{"id":202,"date":"2017-10-07T22:47:53","date_gmt":"2017-10-07T22:47:53","guid":{"rendered":"http:\/\/puderfilosofi.se\/?page_id=202"},"modified":"2025-03-24T21:25:12","modified_gmt":"2025-03-24T21:25:12","slug":"kurser","status":"publish","type":"page","link":"https:\/\/puderfilosofi.se\/?page_id=202","title":{"rendered":"Kurs"},"content":{"rendered":"<p>Jag ger nyb\u00f6rjarkurser i <em>mokuhanga<\/em>, japansk tr\u00e4snittsteknik. Jag l\u00e4rde mig grunderna under ett 8 veckors residens vid Nagasawa Art Park (NAP-AIR) p\u00e5 \u00f6n Awaji i Japan, 2008, initierat av Keiko Kadota.<\/p>\n<p>Jag h\u00e5ller \u00e4ven filosofikaf\u00e9er, se meny <a href=\"https:\/\/puderfilosofi.se\/?page_id=381\">Filosofikaf\u00e9<\/a>.<\/p>\n<h3>Mokuhanga<\/h3>\n<p>9-10 december 2023 h\u00f6ll jag en introduktionskurs till mokuhanga p\u00e5 Konstn\u00e4rernas kollektivverkstad i Farsta.<\/p>\n<p><img loading=\"lazy\" decoding=\"async\" class=\"alignnone wp-image-1293 size-large\" src=\"https:\/\/media.puderfilosofi.se\/2023\/12\/KKV-9-dec-23-768x1024.jpeg\" alt=\"\" width=\"768\" height=\"1024\" srcset=\"https:\/\/media.puderfilosofi.se\/2023\/12\/KKV-9-dec-23-768x1024.jpeg 768w, https:\/\/media.puderfilosofi.se\/2023\/12\/KKV-9-dec-23-225x300.jpeg 225w, https:\/\/media.puderfilosofi.se\/2023\/12\/KKV-9-dec-23-113x150.jpeg 113w, https:\/\/media.puderfilosofi.se\/2023\/12\/KKV-9-dec-23-1152x1536.jpeg 1152w, https:\/\/media.puderfilosofi.se\/2023\/12\/KKV-9-dec-23.jpeg 1500w\" sizes=\"auto, (max-width: 768px) 100vw, 768px\" \/><\/p>\n<p>H\u00f6sten 2019 h\u00f6ll jag en tredagarskurs i Ume\u00e5 i Folkuniversitetets lokaler.<\/p>\n<p>V\u00e5ren 2018 h\u00f6ll jag en nyb\u00f6rjarkurs p\u00e5 Etnografiska museet i Stockholm. Vi anv\u00e4nde Ida Trotzig-rummet p\u00e5 \u00f6vre plan med utsikt \u00f6ver det japanska tehuset.<\/p>\n<div id=\"attachment_422\" style=\"width: 1034px\" class=\"wp-caption alignnone\"><img loading=\"lazy\" decoding=\"async\" aria-describedby=\"caption-attachment-422\" class=\"wp-image-422 size-large\" src=\"https:\/\/media.puderfilosofi.se\/2018\/08\/asa_a_EM_kurs_2018-1024x768.jpg\" alt=\"\" width=\"1024\" height=\"768\" srcset=\"https:\/\/media.puderfilosofi.se\/2018\/08\/asa_a_EM_kurs_2018-1024x768.jpg 1024w, https:\/\/media.puderfilosofi.se\/2018\/08\/asa_a_EM_kurs_2018-150x113.jpg 150w, https:\/\/media.puderfilosofi.se\/2018\/08\/asa_a_EM_kurs_2018-300x225.jpg 300w, https:\/\/media.puderfilosofi.se\/2018\/08\/asa_a_EM_kurs_2018-768x576.jpg 768w, https:\/\/media.puderfilosofi.se\/2018\/08\/asa_a_EM_kurs_2018.jpg 1417w\" sizes=\"auto, (max-width: 1024px) 100vw, 1024px\" \/><p id=\"caption-attachment-422\" class=\"wp-caption-text\">Arbete i Ida Trotzig-salen<\/p><\/div>\n<p>\u00a0<\/p>\n<div id=\"attachment_337\" style=\"width: 310px\" class=\"wp-caption alignnone\"><img loading=\"lazy\" decoding=\"async\" aria-describedby=\"caption-attachment-337\" class=\"wp-image-337 size-medium\" src=\"https:\/\/media.puderfilosofi.se\/2018\/08\/asa_15_april_2018_EM_mk_kurs-300x225.jpg\" alt=\"\" width=\"300\" height=\"225\" srcset=\"https:\/\/media.puderfilosofi.se\/2018\/08\/asa_15_april_2018_EM_mk_kurs-300x225.jpg 300w, https:\/\/media.puderfilosofi.se\/2018\/08\/asa_15_april_2018_EM_mk_kurs-768x576.jpg 768w, https:\/\/media.puderfilosofi.se\/2018\/08\/asa_15_april_2018_EM_mk_kurs-1024x768.jpg 1024w, https:\/\/media.puderfilosofi.se\/2018\/08\/asa_15_april_2018_EM_mk_kurs-150x113.jpg 150w, https:\/\/media.puderfilosofi.se\/2018\/08\/asa_15_april_2018_EM_mk_kurs.jpg 1417w\" sizes=\"auto, (max-width: 300px) 100vw, 300px\" \/><p id=\"caption-attachment-337\" class=\"wp-caption-text\">Matcha-te till avslutning<\/p><\/div>\n<p>H\u00f6sten 2017 h\u00f6ll jag en nyb\u00f6rjarkurs i mokuhanga p\u00e5 inbjudan av MYLLER Kultur &amp; H\u00e4ndelser i Nordingr\u00e5.<\/p>\n<div id=\"attachment_975\" style=\"width: 1002px\" class=\"wp-caption alignnone\"><img loading=\"lazy\" decoding=\"async\" aria-describedby=\"caption-attachment-975\" class=\"wp-image-975 size-full\" src=\"https:\/\/media.puderfilosofi.se\/2021\/08\/asa-webb-mini-nordingra\u030a-te.jpg\" alt=\"\" width=\"992\" height=\"744\" srcset=\"https:\/\/media.puderfilosofi.se\/2021\/08\/asa-webb-mini-nordingra\u030a-te.jpg 992w, https:\/\/media.puderfilosofi.se\/2021\/08\/asa-webb-mini-nordingra\u030a-te-300x225.jpg 300w, https:\/\/media.puderfilosofi.se\/2021\/08\/asa-webb-mini-nordingra\u030a-te-150x113.jpg 150w, https:\/\/media.puderfilosofi.se\/2021\/08\/asa-webb-mini-nordingra\u030a-te-768x576.jpg 768w\" sizes=\"auto, (max-width: 992px) 100vw, 992px\" \/><p id=\"caption-attachment-975\" class=\"wp-caption-text\">\u00c5sa Andersson serverar matcha-te i paviljongen. H\u00f6stl\u00f6v t\u00e4cker golvet.<\/p><\/div>\n<p>\u00a0<\/p>\n<div id=\"attachment_392\" style=\"width: 778px\" class=\"wp-caption alignnone\"><img loading=\"lazy\" decoding=\"async\" aria-describedby=\"caption-attachment-392\" class=\"size-large wp-image-392\" src=\"https:\/\/media.puderfilosofi.se\/2018\/08\/Myller-stafett-2017-768x1024.jpg\" alt=\"\" width=\"768\" height=\"1024\" srcset=\"https:\/\/media.puderfilosofi.se\/2018\/08\/Myller-stafett-2017-768x1024.jpg 768w, https:\/\/media.puderfilosofi.se\/2018\/08\/Myller-stafett-2017-113x150.jpg 113w, https:\/\/media.puderfilosofi.se\/2018\/08\/Myller-stafett-2017-225x300.jpg 225w, https:\/\/media.puderfilosofi.se\/2018\/08\/Myller-stafett-2017.jpg 1063w\" sizes=\"auto, (max-width: 768px) 100vw, 768px\" \/><p id=\"caption-attachment-392\" class=\"wp-caption-text\">Mokuhanga-stafett med med 7 deltagare<\/p><\/div>\n\n\n<p><\/p>\n","protected":false},"excerpt":{"rendered":"<p>Jag ger nyb\u00f6rjarkurser i mokuhanga, japansk tr\u00e4snittsteknik. Jag l\u00e4rde mig grunderna under ett 8 veckors residens vid Nagasawa Art Park (NAP-AIR) p\u00e5 \u00f6n Awaji i Japan, 2008, initierat av Keiko Kadota. Jag h\u00e5ller \u00e4ven filosofikaf\u00e9er, se meny Filosofikaf\u00e9. Mokuhanga 9-10 december 2023 h\u00f6ll jag en introduktionskurs till mokuhanga p\u00e5 Konstn\u00e4rernas kollektivverkstad i Farsta. H\u00f6sten 2019&#8230;<\/p>\n","protected":false},"author":1,"featured_media":0,"parent":0,"menu_order":0,"comment_status":"closed","ping_status":"closed","template":"","meta":{"footnotes":""},"class_list":["post-202","page","type-page","status-publish","hentry"],"_links":{"self":[{"href":"https:\/\/puderfilosofi.se\/index.php?rest_route=\/wp\/v2\/pages\/202","targetHints":{"allow":["GET"]}}],"collection":[{"href":"https:\/\/puderfilosofi.se\/index.php?rest_route=\/wp\/v2\/pages"}],"about":[{"href":"https:\/\/puderfilosofi.se\/index.php?rest_route=\/wp\/v2\/types\/page"}],"author":[{"embeddable":true,"href":"https:\/\/puderfilosofi.se\/index.php?rest_route=\/wp\/v2\/users\/1"}],"replies":[{"embeddable":true,"href":"https:\/\/puderfilosofi.se\/index.php?rest_route=%2Fwp%2Fv2%2Fcomments&post=202"}],"version-history":[{"count":65,"href":"https:\/\/puderfilosofi.se\/index.php?rest_route=\/wp\/v2\/pages\/202\/revisions"}],"predecessor-version":[{"id":1409,"href":"https:\/\/puderfilosofi.se\/index.php?rest_route=\/wp\/v2\/pages\/202\/revisions\/1409"}],"wp:attachment":[{"href":"https:\/\/puderfilosofi.se\/index.php?rest_route=%2Fwp%2Fv2%2Fmedia&parent=202"}],"curies":[{"name":"wp","href":"https:\/\/api.w.org\/{rel}","templated":true}]}}